{"id":162,"date":"2019-10-08T18:08:53","date_gmt":"2019-10-08T18:08:53","guid":{"rendered":"http:\/\/www.techenerg.com\/?page_id=162"},"modified":"2019-10-09T17:58:16","modified_gmt":"2019-10-09T17:58:16","slug":"quem-somos","status":"publish","type":"page","link":"http:\/\/www.techenerg.com\/?page_id=162","title":{"rendered":"Quem Somos"},"content":{"rendered":"\n<p>A <strong>TechEnerg <\/strong>empresa prestadora de servi\u00e7o, fundada em 2009 por profissionais com vasta experi\u00eancia no seguimento de reguladores de velocidade, reguladores de tens\u00e3o, sincronizadores, divisores de carga e perif\u00e9ricos. <\/p>\n\n\n\n<p>Nosso diferencial \u00e9 oferecer o\nm\u00e1ximo da flexibilidade e qualidade nos servi\u00e7os proporcionando a cada cliente\ncom compet\u00eancia, credibilidade e profissionalismo.<\/p>\n\n\n\n<p>A <strong>TechEnerg<\/strong> possui uma equipe capacitada para exercer com precis\u00e3o os servi\u00e7os contratados de maneira a agregar valor. <\/p>\n\n\n\n<p><strong><h3>Nossa Miss\u00e3o:<\/h3><\/strong> Proporcionar satisfa\u00e7\u00e3o e garantia aos nossos clientes, realizando um trabalho de qualidade atrav\u00e9s da presta\u00e7\u00e3o de servi\u00e7os de assist\u00eancia t\u00e9cnica, comissionamento\/start-up, instala\u00e7\u00f5es, reparos e consultoria.<\/p>\n\n\n\n<p><strong><h3>Nossa Vis\u00e3o:<\/h3><\/strong> Tornar-se uma empresa refer\u00eancia no ramo de atua\u00e7\u00e3o. Ser reconhecida em \u00e2mbito nacional e internacional pelo potencial e equipe altamente qualificada. <\/p>\n\n\n\n<p><strong><h3>Nossos Valores:<\/h3> <\/strong><\/p>\n\n\n\n<ul><li>Comprometimento;<\/li><li>Trabalho em equipe;<\/li><li>\u00c9tica;<\/li><li>Integridade e excel\u00eancia nos servi\u00e7os prestados.<\/li><\/ul>\n\n\n\n<p><\/p>\n","protected":false},"excerpt":{"rendered":"<p>A TechEnerg empresa prestadora de servi\u00e7o, fundada em 2009 por profissionais com vasta experi\u00eancia no seguimento de reguladores de velocidade, reguladores de tens\u00e3o, sincronizadores, divisores de carga e perif\u00e9ricos. Nosso diferencial \u00e9 oferecer o m\u00e1ximo da flexibilidade e qualidade nos servi\u00e7os proporcionando a cada cliente com compet\u00eancia,<\/p>\n","protected":false},"author":1,"featured_media":0,"parent":0,"menu_order":0,"comment_status":"closed","ping_status":"closed","template":"","meta":[],"_links":{"self":[{"href":"http:\/\/www.techenerg.com\/index.php?rest_route=\/wp\/v2\/pages\/162"}],"collection":[{"href":"http:\/\/www.techenerg.com\/index.php?rest_route=\/wp\/v2\/pages"}],"about":[{"href":"http:\/\/www.techenerg.com\/index.php?rest_route=\/wp\/v2\/types\/page"}],"author":[{"embeddable":true,"href":"http:\/\/www.techenerg.com\/index.php?rest_route=\/wp\/v2\/users\/1"}],"replies":[{"embeddable":true,"href":"http:\/\/www.techenerg.com\/index.php?rest_route=%2Fwp%2Fv2%2Fcomments&post=162"}],"version-history":[{"count":6,"href":"http:\/\/www.techenerg.com\/index.php?rest_route=\/wp\/v2\/pages\/162\/revisions"}],"predecessor-version":[{"id":176,"href":"http:\/\/www.techenerg.com\/index.php?rest_route=\/wp\/v2\/pages\/162\/revisions\/176"}],"wp:attachment":[{"href":"http:\/\/www.techenerg.com\/index.php?rest_route=%2Fwp%2Fv2%2Fmedia&parent=162"}],"curies":[{"name":"wp","href":"https:\/\/api.w.org\/{rel}","templated":true}]}}